{"id":38,"date":"2021-08-08T13:39:27","date_gmt":"2021-08-08T11:39:27","guid":{"rendered":"https:\/\/www.davond-tech.cz\/?page_id=38"},"modified":"2023-05-03T11:01:21","modified_gmt":"2023-05-03T09:01:21","slug":"kariera","status":"publish","type":"page","link":"https:\/\/www.davond-tech.cz\/de\/kariera\/","title":{"rendered":"Kari\u00e9ra"},"content":{"rendered":"<p class=\"qtranxs-available-languages-message qtranxs-available-languages-message-de\">Leider ist der Eintrag nur auf <a href=\"https:\/\/www.davond-tech.cz\/cs\/wp-json\/wp\/v2\/pages\/38\" class=\"qtranxs-available-language-link qtranxs-available-language-link-cs\" title=\"\u010ce\u0161tina\">Tschechisch<\/a> verf\u00fcgbar.<\/p><p>Program\u00e1tor a&nbsp;obsluha CNC fr\u00e9zky<\/p>","protected":false},"excerpt":{"rendered":"<p>Leider ist der Eintrag nur auf Tschechisch verf\u00fcgbar.Program\u00e1tor a&nbsp;obsluha CNC fr\u00e9zky<\/p>\n","protected":false},"author":1,"featured_media":0,"parent":0,"menu_order":0,"comment_status":"closed","ping_status":"closed","template":"page-templates\/kariera.php","meta":[],"_links":{"self":[{"href":"https:\/\/www.davond-tech.cz\/de\/wp-json\/wp\/v2\/pages\/38"}],"collection":[{"href":"https:\/\/www.davond-tech.cz\/de\/wp-json\/wp\/v2\/pages"}],"about":[{"href":"https:\/\/www.davond-tech.cz\/de\/wp-json\/wp\/v2\/types\/page"}],"author":[{"embeddable":true,"href":"https:\/\/www.davond-tech.cz\/de\/wp-json\/wp\/v2\/users\/1"}],"replies":[{"embeddable":true,"href":"https:\/\/www.davond-tech.cz\/de\/wp-json\/wp\/v2\/comments?post=38"}],"version-history":[{"count":7,"href":"https:\/\/www.davond-tech.cz\/de\/wp-json\/wp\/v2\/pages\/38\/revisions"}],"predecessor-version":[{"id":271,"href":"https:\/\/www.davond-tech.cz\/de\/wp-json\/wp\/v2\/pages\/38\/revisions\/271"}],"wp:attachment":[{"href":"https:\/\/www.davond-tech.cz\/de\/wp-json\/wp\/v2\/media?parent=38"}],"curies":[{"name":"wp","href":"https:\/\/api.w.org\/{rel}","templated":true}]}}