{"id":41,"date":"2021-08-08T13:39:36","date_gmt":"2021-08-08T11:39:36","guid":{"rendered":"https:\/\/www.davond-tech.cz\/?page_id=41"},"modified":"2021-11-01T18:38:47","modified_gmt":"2021-11-01T17:38:47","slug":"napiste-nam","status":"publish","type":"page","link":"https:\/\/www.davond-tech.cz\/de\/napiste-nam\/","title":{"rendered":"Kontaktieren Sie uns"},"content":{"rendered":"<p class=\"qtranxs-available-languages-message qtranxs-available-languages-message-de\">Leider ist der Eintrag nur auf <a href=\"https:\/\/www.davond-tech.cz\/cs\/wp-json\/wp\/v2\/pages\/41\" class=\"qtranxs-available-language-link qtranxs-available-language-link-cs\" title=\"\u010ce\u0161tina\">Tschechisch<\/a> und <a href=\"https:\/\/www.davond-tech.cz\/en\/wp-json\/wp\/v2\/pages\/41\" class=\"qtranxs-available-language-link qtranxs-available-language-link-en\" title=\"English\">Amerikanisches Englisch<\/a> verf\u00fcgbar.<\/p><p>M\u00e1te z\u00e1jem o&nbsp;konstrukci nebo v\u00fdvoj na m\u00edru? Dok\u00e1\u017eeme v\u0161e, od zpracov\u00e1n\u00ed dat a\u017e po&nbsp;v\u00fdkresovou dokumentaci.<\/p>\n<p>Vypl\u0148te formul\u00e1\u0159 a&nbsp;my se v\u00e1m co nejd\u0159\u00edve ozveme.<\/p>\n<p>Preferujete telefon nebo mail? Zavolejte, napi\u0161te. Je jedno, jak\u00fdm zp\u016fsobem n\u00e1s kontaktujete, v\u017edy se ozveme zp\u011bt a&nbsp;domluv\u00edme se.<\/p>","protected":false},"excerpt":{"rendered":"<p>Leider ist der Eintrag nur auf Tschechisch und Amerikanisches Englisch verf\u00fcgbar.M\u00e1te z\u00e1jem o&nbsp;konstrukci nebo v\u00fdvoj na m\u00edru? Dok\u00e1\u017eeme v\u0161e, od zpracov\u00e1n\u00ed dat a\u017e po&nbsp;v\u00fdkresovou dokumentaci. Vypl\u0148te formul\u00e1\u0159 a&nbsp;my se v\u00e1m co nejd\u0159\u00edve ozveme. Preferujete telefon nebo mail? Zavolejte, napi\u0161te. Je jedno, jak\u00fdm zp\u016fsobem n\u00e1s kontaktujete, v\u017edy se ozveme zp\u011bt a&nbsp;domluv\u00edme se.<\/p>\n","protected":false},"author":1,"featured_media":0,"parent":0,"menu_order":0,"comment_status":"closed","ping_status":"closed","template":"page-templates\/napiste-nam.php","meta":[],"_links":{"self":[{"href":"https:\/\/www.davond-tech.cz\/de\/wp-json\/wp\/v2\/pages\/41"}],"collection":[{"href":"https:\/\/www.davond-tech.cz\/de\/wp-json\/wp\/v2\/pages"}],"about":[{"href":"https:\/\/www.davond-tech.cz\/de\/wp-json\/wp\/v2\/types\/page"}],"author":[{"embeddable":true,"href":"https:\/\/www.davond-tech.cz\/de\/wp-json\/wp\/v2\/users\/1"}],"replies":[{"embeddable":true,"href":"https:\/\/www.davond-tech.cz\/de\/wp-json\/wp\/v2\/comments?post=41"}],"version-history":[{"count":6,"href":"https:\/\/www.davond-tech.cz\/de\/wp-json\/wp\/v2\/pages\/41\/revisions"}],"predecessor-version":[{"id":253,"href":"https:\/\/www.davond-tech.cz\/de\/wp-json\/wp\/v2\/pages\/41\/revisions\/253"}],"wp:attachment":[{"href":"https:\/\/www.davond-tech.cz\/de\/wp-json\/wp\/v2\/media?parent=41"}],"curies":[{"name":"wp","href":"https:\/\/api.w.org\/{rel}","templated":true}]}}