{"id":44,"date":"2021-08-08T13:39:49","date_gmt":"2021-08-08T11:39:49","guid":{"rendered":"https:\/\/www.davond-tech.cz\/?page_id=44"},"modified":"2023-11-09T10:25:18","modified_gmt":"2023-11-09T09:25:18","slug":"cnc-vyroba","status":"publish","type":"page","link":"https:\/\/www.davond-tech.cz\/de\/cnc-vyroba\/","title":{"rendered":"CNC-Fertigung"},"content":{"rendered":"<p>Die Firma <strong>DAVOND Tech<\/strong> besch\u00e4ftigt sich mit der kundenspezifischen Metallbearbeitung auf CNC-Maschinen.<\/p>\n<p>Die Produktion erfolgt mit einem modernen Maschinenpark &#8211; einem dreiachsigen Bearbeitungszentrum und einer CNC-Drehmaschine, die mit hochwertigen und leistungsf\u00e4higen Werkzeugen ausgestattet sind.<\/p>\n<p>High-Tech-Messger\u00e4te sorgen f\u00fcr die Produktionsqualit\u00e4t und Leistungskontrolle, sei es ein Messschieber oder das Koordinatenmessger\u00e4t WENZEL LH MINI mit einer Toleranz von 0,001 mm.<\/p>\n<p>&nbsp;<\/p>\n<h2>Unser Schwerpunkt<\/h2>\n<h3>Herstellung von Prototypen<\/h3>\n<ul>\n<li>Erste Proben<\/li>\n<li>Prototypenteile<\/li>\n<li>Produktion der St\u00fccke<\/li>\n<\/ul>\n<h3>Kleinserienfertigung<\/h3>\n<h3>Herstellung von Vorrichtungen<\/h3>\n<ul>\n<li>Kontrolleinrichtungen<\/li>\n<li>Montagevorrichtungen<\/li>\n<li>Messvorrichtungen<\/li>\n<li>Produktionsvorrichtungen<\/li>\n<\/ul>\n<h3>Herstellung von Einzweckmaschinen<\/h3>\n<ul>\n<li>Teile f\u00fcr Einzweckmaschinen<\/li>\n<\/ul>\n<h3>Herstellung von Werkzeugen<\/h3>\n<ul>\n<li>Teile f\u00fcr Presswerkzeuge<\/li>\n<li>Teile f\u00fcr Formen f\u00fcr Spritzgie\u00dfmaschinen<\/li>\n<\/ul>\n<h3>Kundenspezifische Montagen<\/h3>\n<p><div class=\"middle-padding\"><\/div><a href=\"https:\/\/www.davond-tech.cz\/de\/kontakt\/\" class=\"custom-button\">Kontaktieren Sie uns<\/a><\/p>","protected":false},"excerpt":{"rendered":"<p>Die Firma DAVOND Tech besch\u00e4ftigt sich mit der kundenspezifischen Metallbearbeitung auf CNC-Maschinen. Die Produktion erfolgt mit einem modernen Maschinenpark &#8211; einem dreiachsigen Bearbeitungszentrum und einer CNC-Drehmaschine, die mit hochwertigen und leistungsf\u00e4higen Werkzeugen ausgestattet sind. High-Tech-Messger\u00e4te sorgen f\u00fcr die Produktionsqualit\u00e4t und Leistungskontrolle, sei es ein Messschieber oder das Koordinatenmessger\u00e4t WENZEL LH MINI mit einer Toleranz von<\/p>\n<div><a class=\"btn-filled btn\" href=\"https:\/\/www.davond-tech.cz\/de\/cnc-vyroba\/\" title=\"CNC-Fertigung\">Read More<\/a><\/div>\n","protected":false},"author":1,"featured_media":77,"parent":0,"menu_order":0,"comment_status":"closed","ping_status":"closed","template":"","meta":[],"_links":{"self":[{"href":"https:\/\/www.davond-tech.cz\/de\/wp-json\/wp\/v2\/pages\/44"}],"collection":[{"href":"https:\/\/www.davond-tech.cz\/de\/wp-json\/wp\/v2\/pages"}],"about":[{"href":"https:\/\/www.davond-tech.cz\/de\/wp-json\/wp\/v2\/types\/page"}],"author":[{"embeddable":true,"href":"https:\/\/www.davond-tech.cz\/de\/wp-json\/wp\/v2\/users\/1"}],"replies":[{"embeddable":true,"href":"https:\/\/www.davond-tech.cz\/de\/wp-json\/wp\/v2\/comments?post=44"}],"version-history":[{"count":31,"href":"https:\/\/www.davond-tech.cz\/de\/wp-json\/wp\/v2\/pages\/44\/revisions"}],"predecessor-version":[{"id":301,"href":"https:\/\/www.davond-tech.cz\/de\/wp-json\/wp\/v2\/pages\/44\/revisions\/301"}],"wp:featuredmedia":[{"embeddable":true,"href":"https:\/\/www.davond-tech.cz\/de\/wp-json\/wp\/v2\/media\/77"}],"wp:attachment":[{"href":"https:\/\/www.davond-tech.cz\/de\/wp-json\/wp\/v2\/media?parent=44"}],"curies":[{"name":"wp","href":"https:\/\/api.w.org\/{rel}","templated":true}]}}