{"id":47,"date":"2021-08-08T13:39:57","date_gmt":"2021-08-08T11:39:57","guid":{"rendered":"https:\/\/www.davond-tech.cz\/?page_id=47"},"modified":"2021-11-01T18:23:07","modified_gmt":"2021-11-01T17:23:07","slug":"technicky-vyvoj","status":"publish","type":"page","link":"https:\/\/www.davond-tech.cz\/de\/technicky-vyvoj\/","title":{"rendered":"Technische Entwicklung"},"content":{"rendered":"<p><strong>DAVOND Tech<\/strong> ist bereit, kundenspezifische Zusammenarbeit und Engineering f\u00fcr Ihre Projekte zu gew\u00e4hrleisten. Unser Ziel ist es, die Daten entsprechend den Anforderungen des Kunden zu verarbeiten, vom ersten Konzept bis zur endg\u00fcltigen Zeichnungsdokumentation.<\/p>\n<p>Zusammen haben wir \u00fcber 21 Jahre Erfahrung in diesen Bereichen:<\/p>\n<ul>\n<li>Luftfahrt<\/li>\n<li>Automobilbau<\/li>\n<li>Stahl-\/Blechkonstruktionen<\/li>\n<li>Gastronomieanlagen<\/li>\n<li>Einzweckmaschinen<\/li>\n<li>Automatisierte Arbeitspl\u00e4tze<\/li>\n<li>Vorrichtungen<\/li>\n<\/ul>\n<p>&nbsp;<\/p>\n<p>Wir verf\u00fcgen \u00fcber das neueste <strong>Solidworks<\/strong> CAD-System, mit dem wir umfangreiche Erfahrungen haben. Je nach Bedarf k\u00f6nnen wir Ihnen bei der Bearbeitung Ihres Auftrags mit unserem CAD-System oder anderen Programmen helfen.<\/p>\n<ul>\n<li>Entwurfsvorbereitung nach Kundenvorgabe<\/li>\n<li>Erstellung von Unterlagen und Konstruktionsberechnungen f\u00fcr die vorgeschlagenen Konstruktionsl\u00f6sungen<\/li>\n<li>Einzelprojektmanagement<\/li>\n<li>Unterst\u00fctzung bei der Einf\u00fchrung unserer Prototypen in die Produktion<\/li>\n<\/ul>\n<p><div class=\"middle-padding\"><\/div><a href=\"https:\/\/www.davond-tech.cz\/de\/kontakt\/\" class=\"custom-button\">Kontaktieren Sie uns<\/a><\/p>","protected":false},"excerpt":{"rendered":"<p>DAVOND Tech ist bereit, kundenspezifische Zusammenarbeit und Engineering f\u00fcr Ihre Projekte zu gew\u00e4hrleisten. Unser Ziel ist es, die Daten entsprechend den Anforderungen des Kunden zu verarbeiten, vom ersten Konzept bis zur endg\u00fcltigen Zeichnungsdokumentation. Zusammen haben wir \u00fcber 21 Jahre Erfahrung in diesen Bereichen: Luftfahrt Automobilbau Stahl-\/Blechkonstruktionen Gastronomieanlagen Einzweckmaschinen Automatisierte Arbeitspl\u00e4tze Vorrichtungen &nbsp; Wir verf\u00fcgen \u00fcber<\/p>\n<div><a class=\"btn-filled btn\" href=\"https:\/\/www.davond-tech.cz\/de\/technicky-vyvoj\/\" title=\"Technische Entwicklung\">Read More<\/a><\/div>\n","protected":false},"author":1,"featured_media":78,"parent":0,"menu_order":0,"comment_status":"closed","ping_status":"closed","template":"","meta":[],"_links":{"self":[{"href":"https:\/\/www.davond-tech.cz\/de\/wp-json\/wp\/v2\/pages\/47"}],"collection":[{"href":"https:\/\/www.davond-tech.cz\/de\/wp-json\/wp\/v2\/pages"}],"about":[{"href":"https:\/\/www.davond-tech.cz\/de\/wp-json\/wp\/v2\/types\/page"}],"author":[{"embeddable":true,"href":"https:\/\/www.davond-tech.cz\/de\/wp-json\/wp\/v2\/users\/1"}],"replies":[{"embeddable":true,"href":"https:\/\/www.davond-tech.cz\/de\/wp-json\/wp\/v2\/comments?post=47"}],"version-history":[{"count":27,"href":"https:\/\/www.davond-tech.cz\/de\/wp-json\/wp\/v2\/pages\/47\/revisions"}],"predecessor-version":[{"id":246,"href":"https:\/\/www.davond-tech.cz\/de\/wp-json\/wp\/v2\/pages\/47\/revisions\/246"}],"wp:featuredmedia":[{"embeddable":true,"href":"https:\/\/www.davond-tech.cz\/de\/wp-json\/wp\/v2\/media\/78"}],"wp:attachment":[{"href":"https:\/\/www.davond-tech.cz\/de\/wp-json\/wp\/v2\/media?parent=47"}],"curies":[{"name":"wp","href":"https:\/\/api.w.org\/{rel}","templated":true}]}}