{"id":50,"date":"2021-08-08T13:40:04","date_gmt":"2021-08-08T11:40:04","guid":{"rendered":"https:\/\/www.davond-tech.cz\/?page_id=50"},"modified":"2021-11-01T18:22:30","modified_gmt":"2021-11-01T17:22:30","slug":"sluzby","status":"publish","type":"page","link":"https:\/\/www.davond-tech.cz\/de\/sluzby\/","title":{"rendered":"Dienstleistungen"},"content":{"rendered":"<p><strong>DAVOND Tech<\/strong> bietet eine Vielzahl von Dienstleistungen f\u00fcr unsere Kunden an, unternehmensintern sowie auch \u00fcber externe Partner.<\/p>\n<p>Wir arbeiten immer mit erfahrenen Fachleuten aus der Branche zusammen.<\/p>\n<h2>Womit wir helfen k\u00f6nnen:<\/h2>\n<h3>Blechbearbeitung<\/h3>\n<ul>\n<li>Laserschneiden und biegen<\/li>\n<\/ul>\n<h3>Schwei\u00dfen<\/h3>\n<ul>\n<li>Stahl-\/Blechkonstruktionen<\/li>\n<\/ul>\n<h3>Oberfl\u00e4chenbearbeitung und Schleifen von Metall<\/h3>\n<ul>\n<li>Lackieren<\/li>\n<li>H\u00e4rten<\/li>\n<li>Nitrieren<\/li>\n<li>Eloxieren<\/li>\n<li>und mehr<\/li>\n<\/ul>\n<h3>Drahtschneiden<\/h3>\n<h3>Programmierung<\/h3>\n<ul>\n<li>Automatisierte Arbeitspl\u00e4tze einschlie\u00dflich Robotern<\/li>\n<li>PLC Ger\u00e4te<\/li>\n<\/ul>\n<h3>Elektronik<\/h3>\n<ul>\n<li>Schemen<\/li>\n<li>Anschluss<\/li>\n<li>Schaltanlagen<\/li>\n<li>und mehr&#8230;<\/li>\n<\/ul>\n<p>&nbsp;<\/p>\n<h3>Risikobewertung einschlie\u00dflich der Unterlagen f\u00fcr die CE-Kennzeichnung<\/h3>\n<p><div class=\"middle-padding\"><\/div><a href=\"https:\/\/www.davond-tech.cz\/de\/kontakt\/\" class=\"custom-button\">Kontaktieren Sie uns<\/a><\/p>","protected":false},"excerpt":{"rendered":"<p>DAVOND Tech bietet eine Vielzahl von Dienstleistungen f\u00fcr unsere Kunden an, unternehmensintern sowie auch \u00fcber externe Partner. Wir arbeiten immer mit erfahrenen Fachleuten aus der Branche zusammen. Womit wir helfen k\u00f6nnen: Blechbearbeitung Laserschneiden und biegen Schwei\u00dfen Stahl-\/Blechkonstruktionen Oberfl\u00e4chenbearbeitung und Schleifen von Metall Lackieren H\u00e4rten Nitrieren Eloxieren und mehr Drahtschneiden Programmierung Automatisierte Arbeitspl\u00e4tze einschlie\u00dflich Robotern PLC<\/p>\n<div><a class=\"btn-filled btn\" href=\"https:\/\/www.davond-tech.cz\/de\/sluzby\/\" title=\"Dienstleistungen\">Read More<\/a><\/div>\n","protected":false},"author":1,"featured_media":79,"parent":0,"menu_order":0,"comment_status":"closed","ping_status":"closed","template":"","meta":[],"_links":{"self":[{"href":"https:\/\/www.davond-tech.cz\/de\/wp-json\/wp\/v2\/pages\/50"}],"collection":[{"href":"https:\/\/www.davond-tech.cz\/de\/wp-json\/wp\/v2\/pages"}],"about":[{"href":"https:\/\/www.davond-tech.cz\/de\/wp-json\/wp\/v2\/types\/page"}],"author":[{"embeddable":true,"href":"https:\/\/www.davond-tech.cz\/de\/wp-json\/wp\/v2\/users\/1"}],"replies":[{"embeddable":true,"href":"https:\/\/www.davond-tech.cz\/de\/wp-json\/wp\/v2\/comments?post=50"}],"version-history":[{"count":29,"href":"https:\/\/www.davond-tech.cz\/de\/wp-json\/wp\/v2\/pages\/50\/revisions"}],"predecessor-version":[{"id":245,"href":"https:\/\/www.davond-tech.cz\/de\/wp-json\/wp\/v2\/pages\/50\/revisions\/245"}],"wp:featuredmedia":[{"embeddable":true,"href":"https:\/\/www.davond-tech.cz\/de\/wp-json\/wp\/v2\/media\/79"}],"wp:attachment":[{"href":"https:\/\/www.davond-tech.cz\/de\/wp-json\/wp\/v2\/media?parent=50"}],"curies":[{"name":"wp","href":"https:\/\/api.w.org\/{rel}","templated":true}]}}