{"id":53,"date":"2021-08-08T13:40:12","date_gmt":"2021-08-08T11:40:12","guid":{"rendered":"https:\/\/www.davond-tech.cz\/?page_id=53"},"modified":"2021-11-01T18:26:13","modified_gmt":"2021-11-01T17:26:13","slug":"o-nas","status":"publish","type":"page","link":"https:\/\/www.davond-tech.cz\/de\/o-nas\/","title":{"rendered":"\u00dcber uns"},"content":{"rendered":"<p><\/p>\n<div class=\"text-center\"><img loading=\"lazy\" class=\"img-responsive img-center wp-image-70 size-full\" src=\"http:\/\/www.davond-tech.cz\/wp-content\/uploads\/2021\/08\/logo-1.svg\" alt=\"\" width=\"188\" height=\"119\" \/><\/div>\n<p>&nbsp;<\/p>\n<p>Unser Team besteht aus <strong>DAV<\/strong>ID TOKARZ, <strong>OND<\/strong>\u0158EJ ADAM, einer voll ausgestatteten Halle und einem gro\u00dfen Einsatz. Wir haben DAVOND Tech gegr\u00fcndet, weil wir die Dinge anders und noch besser machen wollten.<\/p>\n<p>Wir alle kennen den Fall, dass eine Bestellung zwar gut, aber leider zu sp\u00e4t geliefert wurde, der Preis nicht den Erwartungen entsprach oder im Gegenteil, alles rechtzeitig geliefert wurde, aber nicht alles wie erwartet war. Das wollen wir vermeiden, denn die Unternehmensdefinition von Qualit\u00e4t ist <strong>RICHTIG UND P\u00dcNKTLICH<\/strong>.<\/p>\n<p>Am Anfang fehlte uns der Mut, so etwas zu tun, aber nach den Erfahrungen aus fr\u00fcheren Berufen haben wir schlie\u00dflich herausgefunden, dass es machbar ist. Und vor allem, dass wir es schaffen k\u00f6nnen. Aus langj\u00e4hrigen Freunden, die in der Schule nebeneinander sa\u00dfen, wurden berufliche Partner.<\/p>\n<p>Zusammen haben wir <strong>mehr als 21 Jahre Erfahrung<\/strong> in Design und Herstellung. Unser Ziel ist es, Projekte zu vereinfachen und unseren Kunden eine Komplettl\u00f6sung anzubieten, sei es f\u00fcr die Herstellung oder Montage. Wir bieten unseren Kunden einen fairen und sorgenfreien Umgang mit der Garantie eines Qualit\u00e4tsergebnisses.<\/p>\n<p>&nbsp;<\/p>\n<blockquote><p>Wir legen Wert auf Qualit\u00e4t und Effizienz.<\/p><\/blockquote>\n<p>&nbsp;<\/p>\n<blockquote><p>Wir sind davon \u00fcberzeugt, dass unser breites Portfolio eine gro\u00dfe Anzahl von Kunden aus verschiedenen Bereichen befriedigen kann. Wir werden alles tun, damit Sie zufrieden sind und immer wieder zu uns zur\u00fcckkommen.<\/p><\/blockquote>\n<p><\/p>","protected":false},"excerpt":{"rendered":"<p>&nbsp; Unser Team besteht aus DAVID TOKARZ, OND\u0158EJ ADAM, einer voll ausgestatteten Halle und einem gro\u00dfen Einsatz. Wir haben DAVOND Tech gegr\u00fcndet, weil wir die Dinge anders und noch besser machen wollten. Wir alle kennen den Fall, dass eine Bestellung zwar gut, aber leider zu sp\u00e4t geliefert wurde, der Preis nicht den Erwartungen entsprach oder<\/p>\n<div><a class=\"btn-filled btn\" href=\"https:\/\/www.davond-tech.cz\/de\/o-nas\/\" title=\"\u00dcber uns\">Read More<\/a><\/div>\n","protected":false},"author":1,"featured_media":0,"parent":0,"menu_order":0,"comment_status":"closed","ping_status":"closed","template":"","meta":[],"_links":{"self":[{"href":"https:\/\/www.davond-tech.cz\/de\/wp-json\/wp\/v2\/pages\/53"}],"collection":[{"href":"https:\/\/www.davond-tech.cz\/de\/wp-json\/wp\/v2\/pages"}],"about":[{"href":"https:\/\/www.davond-tech.cz\/de\/wp-json\/wp\/v2\/types\/page"}],"author":[{"embeddable":true,"href":"https:\/\/www.davond-tech.cz\/de\/wp-json\/wp\/v2\/users\/1"}],"replies":[{"embeddable":true,"href":"https:\/\/www.davond-tech.cz\/de\/wp-json\/wp\/v2\/comments?post=53"}],"version-history":[{"count":23,"href":"https:\/\/www.davond-tech.cz\/de\/wp-json\/wp\/v2\/pages\/53\/revisions"}],"predecessor-version":[{"id":250,"href":"https:\/\/www.davond-tech.cz\/de\/wp-json\/wp\/v2\/pages\/53\/revisions\/250"}],"wp:attachment":[{"href":"https:\/\/www.davond-tech.cz\/de\/wp-json\/wp\/v2\/media?parent=53"}],"curies":[{"name":"wp","href":"https:\/\/api.w.org\/{rel}","templated":true}]}}